{"id":142,"date":"2020-06-22T06:22:47","date_gmt":"2020-06-22T09:22:47","guid":{"rendered":"https:\/\/cena.blue\/index.php\/blog\/"},"modified":"2026-03-23T17:07:20","modified_gmt":"2026-03-23T20:07:20","slug":"noticias","status":"publish","type":"page","link":"https:\/\/cena.blue\/index.php\/noticias\/","title":{"rendered":"Not\u00edcias"},"content":{"rendered":"\t\t<div data-elementor-type=\"wp-page\" data-elementor-id=\"142\" class=\"elementor elementor-142\">\n\t\t\t\t\t\t<section class=\"elementor-section elementor-top-section elementor-element elementor-element-b1d9f60 elementor-section-boxed elementor-section-height-default elementor-section-height-default\" data-id=\"b1d9f60\" data-element_type=\"section\" data-e-type=\"section\">\n\t\t\t\t\t\t<div class=\"elementor-container elementor-column-gap-no\">\n\t\t\t\t\t<div class=\"aux-parallax-section elementor-column elementor-col-100 elementor-top-column elementor-element elementor-element-aa9761b\" data-id=\"aa9761b\" data-element_type=\"column\" data-e-type=\"column\">\n\t\t\t<div class=\"elementor-widget-wrap elementor-element-populated\">\n\t\t\t\t\t\t<div class=\"elementor-element elementor-element-4776521 aux-appear-watch-animation aux-fade-in-up elementor-widget elementor-widget-aux_recent_posts\" data-id=\"4776521\" data-element_type=\"widget\" data-e-type=\"widget\" data-settings=\"{&quot;columns&quot;:&quot;1&quot;,&quot;columns_tablet&quot;:&quot;1&quot;,&quot;columns_mobile&quot;:&quot;1&quot;}\" data-widget_type=\"aux_recent_posts.default\">\n\t\t\t\t<div class=\"elementor-widget-container\">\n\t\t\t\t\t<section class=\"widget-container aux-widget-recent-posts aux-parent-au8ef6b1bb\"><div data-element-id=\"au8ef6b1bb\" class=\"aux-match-height aux-row aux-de-col1 aux-tb-col1 aux-mb-col1 aux-total-5 aux-no-meta aux-ajax-view  \"><div class=\"aux-col post-114\">\n                        <article class=\"post column-entry post-114 type-post status-publish format-standard has-post-thumbnail hentry category-uncategorized tag-blog tag-digital-sigange tag-tv-corporativa\">\n                                                        <div class=\"entry-media\"><div class=\"aux-media-frame aux-media-image aux-image-mask\"><a href=\"https:\/\/cena.blue\/index.php\/2024\/03\/20\/desvendando-o-mundo-do-digital-signage-com-a-cena-blue-seu-guia-completo-em-formato-de-faq\/\"><img fetchpriority=\"high\" decoding=\"async\" width=\"1024\" height=\"1024\" src=\"data:image\/gif;base64,R0lGODlhAQABAIAAAAAAAP\/\/\/yH5BAEAAAAALAAAAAABAAEAAAIBRAA7\" class=\"aux-attachment aux-featured-image attachment-1024x1024 aux-attachment-id-420  aux-preload aux-blank\" alt=\"OIG (1)\" data-ratio=\"1\" data-original-w=\"1024\" sizes=\"auto\" data-srcset=\"https:\/\/cena.blue\/wp-content\/uploads\/2020\/06\/OIG-1-150x150.jpeg 150w,https:\/\/cena.blue\/wp-content\/uploads\/2020\/06\/OIG-1-300x300.jpeg 300w,https:\/\/cena.blue\/wp-content\/uploads\/2020\/06\/OIG-1-768x768.jpeg 768w,https:\/\/cena.blue\/wp-content\/uploads\/2020\/06\/OIG-1-1970x1970.jpeg 1024w,https:\/\/cena.blue\/wp-content\/uploads\/2020\/06\/OIG-1-1014x1014.jpeg 1014w\" data-src=\"https:\/\/cena.blue\/wp-content\/uploads\/2020\/06\/OIG-1-1970x1970.jpeg\" \/><\/a><\/div><\/div>\n                            \n                            <div class=\"entry-main\">\n                                                        \n                                <header class=\"entry-header\">\n                                \n                                    <h4 class=\"entry-title\">\n                                        <a href=\"https:\/\/cena.blue\/index.php\/2024\/03\/20\/desvendando-o-mundo-do-digital-signage-com-a-cena-blue-seu-guia-completo-em-formato-de-faq\/\">\n                                            Desvendando o Mundo do Digital Signage com a Cena Blue: Seu Guia Completo em Formato de FAQ                                        <\/a>\n                                    <\/h4>\n                                                                    <div class=\"entry-format\">\n                                        <a href=\"https:\/\/cena.blue\/index.php\/2024\/03\/20\/desvendando-o-mundo-do-digital-signage-com-a-cena-blue-seu-guia-completo-em-formato-de-faq\/\">\n                                            <div class=\"post-format format-\"> <\/div>\n                                        <\/a>\n                                    <\/div>\n                                <\/header>\n                            \n                                                            <div class=\"entry-content\">\n                                                                            <p>\n                                        <p>Num contexto onde as telas digitais se tornaram onipresentes, o Digital Signage surge como uma ferramenta poderosa. No entanto, muitos ainda questionam: o que \u00e9, onde usar, como come\u00e7ar e qual o custo? Criamos um FAQ r\u00e1pido para desmitificar a ideia de que esse sistema \u00e9 complexo demais, destacando que com a Cena Blue, voc\u00ea obt\u00e9m a melhor solu\u00e7\u00e3o em Digital Signage. Vamos explorar juntos!<\/p>\n                                        <\/p>                                <\/div>\n                                                        \n                            <\/div>\n\n                        <\/article>\n<\/div><div class=\"aux-col post-113\">\n                        <article class=\"post column-entry post-113 type-post status-publish format-standard has-post-thumbnail hentry category-uncategorized tag-blog tag-digital-signage tag-tv-corporativa\">\n                                                        <div class=\"entry-media\"><div class=\"aux-media-frame aux-media-image aux-image-mask\"><a href=\"https:\/\/cena.blue\/index.php\/2024\/03\/20\/criando-impacto-a-importancia-do-conteudo-de-qualidade-para-o-digital-signage\/\"><img decoding=\"async\" width=\"1024\" height=\"1024\" src=\"data:image\/gif;base64,R0lGODlhAQABAIAAAAAAAP\/\/\/yH5BAEAAAAALAAAAAABAAEAAAIBRAA7\" class=\"aux-attachment aux-featured-image attachment-1024x1024 aux-attachment-id-406  aux-preload aux-blank\" alt=\"01\" data-ratio=\"1\" data-original-w=\"1024\" sizes=\"auto\" data-srcset=\"https:\/\/cena.blue\/wp-content\/uploads\/2020\/06\/01-150x150.jpeg 150w,https:\/\/cena.blue\/wp-content\/uploads\/2020\/06\/01-300x300.jpeg 300w,https:\/\/cena.blue\/wp-content\/uploads\/2020\/06\/01-768x768.jpeg 768w,https:\/\/cena.blue\/wp-content\/uploads\/2020\/06\/01-1970x1970.jpeg 1024w,https:\/\/cena.blue\/wp-content\/uploads\/2020\/06\/01-1014x1014.jpeg 1014w\" data-src=\"https:\/\/cena.blue\/wp-content\/uploads\/2020\/06\/01-1970x1970.jpeg\" \/><\/a><\/div><\/div>\n                            \n                            <div class=\"entry-main\">\n                                                        \n                                <header class=\"entry-header\">\n                                \n                                    <h4 class=\"entry-title\">\n                                        <a href=\"https:\/\/cena.blue\/index.php\/2024\/03\/20\/criando-impacto-a-importancia-do-conteudo-de-qualidade-para-o-digital-signage\/\">\n                                            Criando Impacto: A Import\u00e2ncia do Conte\u00fado de Qualidade para o Digital Signage                                        <\/a>\n                                    <\/h4>\n                                                                    <div class=\"entry-format\">\n                                        <a href=\"https:\/\/cena.blue\/index.php\/2024\/03\/20\/criando-impacto-a-importancia-do-conteudo-de-qualidade-para-o-digital-signage\/\">\n                                            <div class=\"post-format format-\"> <\/div>\n                                        <\/a>\n                                    <\/div>\n                                <\/header>\n                            \n                                                            <div class=\"entry-content\">\n                                                                            <p>\n                                        <p>Em um mundo movido pela informa\u00e7\u00e3o visual, o Digital Signage emerge como uma ferramenta poderosa para comunica\u00e7\u00e3o eficaz. No entanto, o verdadeiro diferencial para alcan\u00e7ar resultados satisfat\u00f3rios reside na cria\u00e7\u00e3o de um conte\u00fado envolvente e relevante. Nesta era digital, onde a aten\u00e7\u00e3o \u00e9 um recurso escasso, a qualidade do conte\u00fado torna-se uma pe\u00e7a fundamental para o sucesso das estrat\u00e9gias de Digital Signage.<\/p>\n                                        <\/p>                                <\/div>\n                                                        \n                            <\/div>\n\n                        <\/article>\n<\/div><div class=\"aux-col post-115\">\n                        <article class=\"post column-entry post-115 type-post status-publish format-standard has-post-thumbnail hentry category-uncategorized tag-blog tag-digital-signage tag-tv-corporativa\">\n                                                        <div class=\"entry-media\"><div class=\"aux-media-frame aux-media-image aux-image-mask\"><a href=\"https:\/\/cena.blue\/index.php\/2024\/03\/20\/explorando-o-mundo-do-digital-signage-um-guia-abrangente-sobre-a-revolucao-da-comunicacao-visual\/\"><img decoding=\"async\" width=\"1024\" height=\"1024\" src=\"data:image\/gif;base64,R0lGODlhAQABAIAAAAAAAP\/\/\/yH5BAEAAAAALAAAAAABAAEAAAIBRAA7\" class=\"aux-attachment aux-featured-image attachment-1024x1024 aux-attachment-id-424  aux-preload aux-blank\" alt=\"03\" data-ratio=\"1\" data-original-w=\"1024\" sizes=\"auto\" data-srcset=\"https:\/\/cena.blue\/wp-content\/uploads\/2020\/06\/03-150x150.jpeg 150w,https:\/\/cena.blue\/wp-content\/uploads\/2020\/06\/03-300x300.jpeg 300w,https:\/\/cena.blue\/wp-content\/uploads\/2020\/06\/03-768x768.jpeg 768w,https:\/\/cena.blue\/wp-content\/uploads\/2020\/06\/03-1970x1970.jpeg 1024w,https:\/\/cena.blue\/wp-content\/uploads\/2020\/06\/03-1014x1014.jpeg 1014w\" data-src=\"https:\/\/cena.blue\/wp-content\/uploads\/2020\/06\/03-1970x1970.jpeg\" \/><\/a><\/div><\/div>\n                            \n                            <div class=\"entry-main\">\n                                                        \n                                <header class=\"entry-header\">\n                                \n                                    <h4 class=\"entry-title\">\n                                        <a href=\"https:\/\/cena.blue\/index.php\/2024\/03\/20\/explorando-o-mundo-do-digital-signage-um-guia-abrangente-sobre-a-revolucao-da-comunicacao-visual\/\">\n                                            Explorando o Mundo do Digital Signage: Um Guia Abrangente sobre a Revolu\u00e7\u00e3o da Comunica\u00e7\u00e3o Visual                                        <\/a>\n                                    <\/h4>\n                                                                    <div class=\"entry-format\">\n                                        <a href=\"https:\/\/cena.blue\/index.php\/2024\/03\/20\/explorando-o-mundo-do-digital-signage-um-guia-abrangente-sobre-a-revolucao-da-comunicacao-visual\/\">\n                                            <div class=\"post-format format-\"> <\/div>\n                                        <\/a>\n                                    <\/div>\n                                <\/header>\n                            \n                                                            <div class=\"entry-content\">\n                                                                            <p>\n                                        <p>Em meio \u00e0s inova\u00e7\u00f5es na comunica\u00e7\u00e3o, o Digital Signage se destaca como uma das mais promissoras tend\u00eancias. Apesar de seu nome n\u00e3o ser amplamente conhecido, \u00e9 quase certo que a maioria das pessoas j\u00e1 se deparou com essa tecnologia em seu cotidiano. <\/p>\n                                        <\/p>                                <\/div>\n                                                        \n                            <\/div>\n\n                        <\/article>\n<\/div><div class=\"aux-col post-116\">\n                        <article class=\"post column-entry post-116 type-post status-publish format-standard has-post-thumbnail hentry category-uncategorized tag-blog tag-digital-signage tag-tv-corporativa\">\n                                                        <div class=\"entry-media\"><div class=\"aux-media-frame aux-media-image aux-image-mask\"><a href=\"https:\/\/cena.blue\/index.php\/2024\/03\/20\/modernizando-a-comunicacao-municipal-a-importancia-do-digital-signage-nas-prefeituras\/\"><img loading=\"lazy\" decoding=\"async\" width=\"1024\" height=\"1024\" src=\"data:image\/gif;base64,R0lGODlhAQABAIAAAAAAAP\/\/\/yH5BAEAAAAALAAAAAABAAEAAAIBRAA7\" class=\"aux-attachment aux-featured-image attachment-1024x1024 aux-attachment-id-428  aux-preload aux-blank\" alt=\"04\" data-ratio=\"1\" data-original-w=\"1024\" sizes=\"auto\" data-srcset=\"https:\/\/cena.blue\/wp-content\/uploads\/2020\/06\/04-150x150.jpeg 150w,https:\/\/cena.blue\/wp-content\/uploads\/2020\/06\/04-300x300.jpeg 300w,https:\/\/cena.blue\/wp-content\/uploads\/2020\/06\/04-768x768.jpeg 768w,https:\/\/cena.blue\/wp-content\/uploads\/2020\/06\/04-1970x1970.jpeg 1024w,https:\/\/cena.blue\/wp-content\/uploads\/2020\/06\/04-1014x1014.jpeg 1014w\" data-src=\"https:\/\/cena.blue\/wp-content\/uploads\/2020\/06\/04-1970x1970.jpeg\" \/><\/a><\/div><\/div>\n                            \n                            <div class=\"entry-main\">\n                                                        \n                                <header class=\"entry-header\">\n                                \n                                    <h4 class=\"entry-title\">\n                                        <a href=\"https:\/\/cena.blue\/index.php\/2024\/03\/20\/modernizando-a-comunicacao-municipal-a-importancia-do-digital-signage-nas-prefeituras\/\">\n                                            Modernizando a Comunica\u00e7\u00e3o Municipal: A Import\u00e2ncia do Digital Signage nas Prefeituras                                        <\/a>\n                                    <\/h4>\n                                                                    <div class=\"entry-format\">\n                                        <a href=\"https:\/\/cena.blue\/index.php\/2024\/03\/20\/modernizando-a-comunicacao-municipal-a-importancia-do-digital-signage-nas-prefeituras\/\">\n                                            <div class=\"post-format format-\"> <\/div>\n                                        <\/a>\n                                    <\/div>\n                                <\/header>\n                            \n                                                            <div class=\"entry-content\">\n                                                                            <p>\n                                        <p>Em um mundo cada vez mais conectado, a comunica\u00e7\u00e3o eficaz entre as prefeituras e os cidad\u00e3os \u00e9 crucial para construir uma sociedade informada e engajada. Nesse cen\u00e1rio, o Digital Signage surge como uma ferramenta inovadora capaz de transformar a maneira como as prefeituras se comunicam com seus mun\u00edcipes.<\/p>\n                                        <\/p>                                <\/div>\n                                                        \n                            <\/div>\n\n                        <\/article>\n<\/div><div class=\"aux-col post-117\">\n                        <article class=\"post column-entry post-117 type-post status-publish format-standard has-post-thumbnail hentry category-uncategorized tag-blog tag-digital-signage tag-tv-corporativa\">\n                                                        <div class=\"entry-media\"><div class=\"aux-media-frame aux-media-image aux-image-mask\"><a href=\"https:\/\/cena.blue\/index.php\/2024\/03\/20\/inovacao-na-industria-como-o-digital-signage-transforma-o-endomarketing\/\"><img loading=\"lazy\" decoding=\"async\" width=\"1024\" height=\"1024\" src=\"data:image\/gif;base64,R0lGODlhAQABAIAAAAAAAP\/\/\/yH5BAEAAAAALAAAAAABAAEAAAIBRAA7\" class=\"aux-attachment aux-featured-image attachment-1024x1024 aux-attachment-id-434  aux-preload aux-blank\" alt=\"05\" data-ratio=\"1\" data-original-w=\"1024\" sizes=\"auto\" data-srcset=\"https:\/\/cena.blue\/wp-content\/uploads\/2020\/06\/05-150x150.jpeg 150w,https:\/\/cena.blue\/wp-content\/uploads\/2020\/06\/05-300x300.jpeg 300w,https:\/\/cena.blue\/wp-content\/uploads\/2020\/06\/05-768x768.jpeg 768w,https:\/\/cena.blue\/wp-content\/uploads\/2020\/06\/05-1970x1970.jpeg 1024w,https:\/\/cena.blue\/wp-content\/uploads\/2020\/06\/05-1014x1014.jpeg 1014w\" data-src=\"https:\/\/cena.blue\/wp-content\/uploads\/2020\/06\/05-1970x1970.jpeg\" \/><\/a><\/div><\/div>\n                            \n                            <div class=\"entry-main\">\n                                                        \n                                <header class=\"entry-header\">\n                                \n                                    <h4 class=\"entry-title\">\n                                        <a href=\"https:\/\/cena.blue\/index.php\/2024\/03\/20\/inovacao-na-industria-como-o-digital-signage-transforma-o-endomarketing\/\">\n                                            Inova\u00e7\u00e3o na Ind\u00fastria: Como o Digital Signage Transforma o Endomarketing                                        <\/a>\n                                    <\/h4>\n                                                                    <div class=\"entry-format\">\n                                        <a href=\"https:\/\/cena.blue\/index.php\/2024\/03\/20\/inovacao-na-industria-como-o-digital-signage-transforma-o-endomarketing\/\">\n                                            <div class=\"post-format format-\"> <\/div>\n                                        <\/a>\n                                    <\/div>\n                                <\/header>\n                            \n                                                            <div class=\"entry-content\">\n                                                                            <p>\n                                        <p>Na era da transforma\u00e7\u00e3o digital, as ind\u00fastrias est\u00e3o buscando maneiras inovadoras de aprimorar a comunica\u00e7\u00e3o interna. Uma ferramenta que se destaca nesse cen\u00e1rio \u00e9 o Digital Signage, revelando-se um aliado poderoso para fortalecer o endomarketing e proporcionar uma experi\u00eancia \u00fanica aos colaboradores.<\/p>\n                                        <\/p>                                <\/div>\n                                                        \n                            <\/div>\n\n                        <\/article>\n<\/div><\/div><\/section><!-- widget-container -->\t\t\t\t<\/div>\n\t\t\t\t<\/div>\n\t\t\t\t\t<\/div>\n\t\t<\/div>\n\t\t\t\t\t<\/div>\n\t\t<\/section>\n\t\t\t\t<\/div>\n\t\t","protected":false},"excerpt":{"rendered":"<p>Desvendando o Mundo do Digital Signage com a Cena Blue: Seu Guia Completo em Formato de FAQ Num contexto onde as telas digitais se tornaram onipresentes, o Digital Signage surge como uma ferramenta poderosa. No entanto, muitos ainda questionam: o que \u00e9, onde usar, como come\u00e7ar e qual o custo? Criamos um FAQ r\u00e1pido para [&hellip;]<\/p>\n","protected":false},"author":1,"featured_media":0,"parent":0,"menu_order":0,"comment_status":"closed","ping_status":"closed","template":"templates\/page-builder-content.php","meta":{"footnotes":""},"class_list":["post-142","page","type-page","status-publish","hentry"],"_links":{"self":[{"href":"https:\/\/cena.blue\/index.php\/wp-json\/wp\/v2\/pages\/142","targetHints":{"allow":["GET"]}}],"collection":[{"href":"https:\/\/cena.blue\/index.php\/wp-json\/wp\/v2\/pages"}],"about":[{"href":"https:\/\/cena.blue\/index.php\/wp-json\/wp\/v2\/types\/page"}],"author":[{"embeddable":true,"href":"https:\/\/cena.blue\/index.php\/wp-json\/wp\/v2\/users\/1"}],"replies":[{"embeddable":true,"href":"https:\/\/cena.blue\/index.php\/wp-json\/wp\/v2\/comments?post=142"}],"version-history":[{"count":10,"href":"https:\/\/cena.blue\/index.php\/wp-json\/wp\/v2\/pages\/142\/revisions"}],"predecessor-version":[{"id":894,"href":"https:\/\/cena.blue\/index.php\/wp-json\/wp\/v2\/pages\/142\/revisions\/894"}],"wp:attachment":[{"href":"https:\/\/cena.blue\/index.php\/wp-json\/wp\/v2\/media?parent=142"}],"curies":[{"name":"wp","href":"https:\/\/api.w.org\/{rel}","templated":true}]}}